{"id":88979,"date":"2021-09-15T01:12:07","date_gmt":"2021-09-15T01:12:07","guid":{"rendered":"https:\/\/oatside.com\/dear-cows\/"},"modified":"2023-08-15T02:20:02","modified_gmt":"2023-08-15T02:20:02","slug":"dear-cows","status":"publish","type":"page","link":"https:\/\/oatside.com\/vi\/dear-cows\/","title":{"rendered":"G\u1eedi nh\u1eefng b\u1ea1n b\u00f2 th\u00e2n y\u00eau"},"content":{"rendered":"","protected":false},"excerpt":{"rendered":"","protected":false},"author":2,"featured_media":88980,"parent":0,"menu_order":50,"comment_status":"closed","ping_status":"closed","template":"modules.php","meta":{"_acf_changed":false,"inline_featured_image":false,"footnotes":""},"class_list":["post-88979","page","type-page","status-publish","has-post-thumbnail","hentry"],"acf":[],"yoast_head":"<!-- This site is optimized with the Yoast SEO plugin v25.7 - https:\/\/yoast.com\/wordpress\/plugins\/seo\/ -->\n<title>Th\u01b0 g\u1eedi nh\u1eefng b\u1ea1n b\u00f2 th\u00e2n y\u00eau | Oatside<\/title>\n<meta name=\"description\" content=\"C\u00f9ng OATSIDE x\u00e2y d\u1ef1ng m\u1ed9t h\u00e0nh tinh kho\u1ebb m\u1ea1nh v\u00e0 t\u1ed1t \u0111\u1eb9p h\u01a1n. Ch\u00fang t\u00f4i s\u1ea3n xu\u1ea5t s\u1eefa y\u1ebfn m\u1ea1ch th\u01a1m ngon v\u00e0 b\u1ec1n v\u1eefng, s\u1eed d\u1ee5ng \u00edt \u0111\u1ea5t, \u00edt n\u01b0\u1edbc v\u00e0 \u00edt kh\u00ed th\u1ea3i carbon ra m\u00f4i tr\u01b0\u1eddng h\u01a1n s\u1eefa b\u00f2.\" \/>\n<meta name=\"robots\" content=\"index, follow, max-snippet:-1, max-image-preview:large, max-video-preview:-1\" \/>\n<link rel=\"canonical\" href=\"https:\/\/oatside.com\/vi\/dear-cows\/\" \/>\n<meta property=\"og:locale\" content=\"vi_VN\" \/>\n<meta property=\"og:type\" content=\"article\" \/>\n<meta property=\"og:title\" content=\"Th\u01b0 g\u1eedi nh\u1eefng b\u1ea1n b\u00f2 th\u00e2n y\u00eau | Oatside\" \/>\n<meta property=\"og:description\" content=\"C\u00f9ng OATSIDE x\u00e2y d\u1ef1ng m\u1ed9t h\u00e0nh tinh kho\u1ebb m\u1ea1nh v\u00e0 t\u1ed1t \u0111\u1eb9p h\u01a1n. Ch\u00fang t\u00f4i s\u1ea3n xu\u1ea5t s\u1eefa y\u1ebfn m\u1ea1ch th\u01a1m ngon v\u00e0 b\u1ec1n v\u1eefng, s\u1eed d\u1ee5ng \u00edt \u0111\u1ea5t, \u00edt n\u01b0\u1edbc v\u00e0 \u00edt kh\u00ed th\u1ea3i carbon ra m\u00f4i tr\u01b0\u1eddng h\u01a1n s\u1eefa b\u00f2.\" \/>\n<meta property=\"og:url\" content=\"https:\/\/oatside.com\/vi\/dear-cows\/\" \/>\n<meta property=\"og:site_name\" content=\"Oatside\" \/>\n<meta property=\"article:modified_time\" content=\"2023-08-15T02:20:02+00:00\" \/>\n<meta property=\"og:image\" content=\"https:\/\/oatside.com\/wp-content\/uploads\/2021\/12\/OATSIDE_BEAR_WRITING_LETTER_550.png\" \/>\n\t<meta property=\"og:image:width\" content=\"551\" \/>\n\t<meta property=\"og:image:height\" content=\"298\" \/>\n\t<meta property=\"og:image:type\" content=\"image\/png\" \/>\n<meta name=\"twitter:card\" content=\"summary_large_image\" \/>\n<script type=\"application\/ld+json\" class=\"yoast-schema-graph\">{\"@context\":\"https:\/\/schema.org\",\"@graph\":[{\"@type\":\"WebPage\",\"@id\":\"https:\/\/oatside.com\/vi\/dear-cows\/\",\"url\":\"https:\/\/oatside.com\/vi\/dear-cows\/\",\"name\":\"Th\u01b0 g\u1eedi nh\u1eefng b\u1ea1n b\u00f2 th\u00e2n y\u00eau | Oatside\",\"isPartOf\":{\"@id\":\"https:\/\/oatside.com\/vi\/#website\"},\"primaryImageOfPage\":{\"@id\":\"https:\/\/oatside.com\/vi\/dear-cows\/#primaryimage\"},\"image\":{\"@id\":\"https:\/\/oatside.com\/vi\/dear-cows\/#primaryimage\"},\"thumbnailUrl\":\"https:\/\/oatside.com\/wp-content\/uploads\/2021\/12\/OATSIDE_BEAR_WRITING_LETTER_550.png\",\"datePublished\":\"2021-09-15T01:12:07+00:00\",\"dateModified\":\"2023-08-15T02:20:02+00:00\",\"description\":\"C\u00f9ng OATSIDE x\u00e2y d\u1ef1ng m\u1ed9t h\u00e0nh tinh kho\u1ebb m\u1ea1nh v\u00e0 t\u1ed1t \u0111\u1eb9p h\u01a1n. Ch\u00fang t\u00f4i s\u1ea3n xu\u1ea5t s\u1eefa y\u1ebfn m\u1ea1ch th\u01a1m ngon v\u00e0 b\u1ec1n v\u1eefng, s\u1eed d\u1ee5ng \u00edt \u0111\u1ea5t, \u00edt n\u01b0\u1edbc v\u00e0 \u00edt kh\u00ed th\u1ea3i carbon ra m\u00f4i tr\u01b0\u1eddng h\u01a1n s\u1eefa b\u00f2.\",\"breadcrumb\":{\"@id\":\"https:\/\/oatside.com\/vi\/dear-cows\/#breadcrumb\"},\"inLanguage\":\"vi-VN\",\"potentialAction\":[{\"@type\":\"ReadAction\",\"target\":[\"https:\/\/oatside.com\/vi\/dear-cows\/\"]}]},{\"@type\":\"ImageObject\",\"inLanguage\":\"vi-VN\",\"@id\":\"https:\/\/oatside.com\/vi\/dear-cows\/#primaryimage\",\"url\":\"https:\/\/oatside.com\/wp-content\/uploads\/2021\/12\/OATSIDE_BEAR_WRITING_LETTER_550.png\",\"contentUrl\":\"https:\/\/oatside.com\/wp-content\/uploads\/2021\/12\/OATSIDE_BEAR_WRITING_LETTER_550.png\",\"width\":551,\"height\":298},{\"@type\":\"BreadcrumbList\",\"@id\":\"https:\/\/oatside.com\/vi\/dear-cows\/#breadcrumb\",\"itemListElement\":[{\"@type\":\"ListItem\",\"position\":1,\"name\":\"Home\",\"item\":\"https:\/\/oatside.com\/vi\/\"},{\"@type\":\"ListItem\",\"position\":2,\"name\":\"G\u1eedi nh\u1eefng b\u1ea1n b\u00f2 th\u00e2n y\u00eau\"}]},{\"@type\":\"WebSite\",\"@id\":\"https:\/\/oatside.com\/vi\/#website\",\"url\":\"https:\/\/oatside.com\/vi\/\",\"name\":\"Oatside\",\"description\":\"The tastiest plant - based milk you\u2019ve been waiting for: Oatside Barista, Chocolate and Hazelnut oat milks. You&#039;ll cry over these spilled milks for sure.\",\"publisher\":{\"@id\":\"https:\/\/oatside.com\/vi\/#organization\"},\"potentialAction\":[{\"@type\":\"SearchAction\",\"target\":{\"@type\":\"EntryPoint\",\"urlTemplate\":\"https:\/\/oatside.com\/vi\/?s={search_term_string}\"},\"query-input\":{\"@type\":\"PropertyValueSpecification\",\"valueRequired\":true,\"valueName\":\"search_term_string\"}}],\"inLanguage\":\"vi-VN\"},{\"@type\":\"Organization\",\"@id\":\"https:\/\/oatside.com\/vi\/#organization\",\"name\":\"Oatside\",\"url\":\"https:\/\/oatside.com\/vi\/\",\"logo\":{\"@type\":\"ImageObject\",\"inLanguage\":\"vi-VN\",\"@id\":\"https:\/\/oatside.com\/vi\/#\/schema\/logo\/image\/\",\"url\":\"https:\/\/oatside.com\/wp-content\/uploads\/2021\/10\/logo.svg\",\"contentUrl\":\"https:\/\/oatside.com\/wp-content\/uploads\/2021\/10\/logo.svg\",\"caption\":\"Oatside\"},\"image\":{\"@id\":\"https:\/\/oatside.com\/vi\/#\/schema\/logo\/image\/\"}}]}<\/script>\n<!-- \/ Yoast SEO plugin. -->","yoast_head_json":{"title":"Th\u01b0 g\u1eedi nh\u1eefng b\u1ea1n b\u00f2 th\u00e2n y\u00eau | Oatside","description":"C\u00f9ng OATSIDE x\u00e2y d\u1ef1ng m\u1ed9t h\u00e0nh tinh kho\u1ebb m\u1ea1nh v\u00e0 t\u1ed1t \u0111\u1eb9p h\u01a1n. Ch\u00fang t\u00f4i s\u1ea3n xu\u1ea5t s\u1eefa y\u1ebfn m\u1ea1ch th\u01a1m ngon v\u00e0 b\u1ec1n v\u1eefng, s\u1eed d\u1ee5ng \u00edt \u0111\u1ea5t, \u00edt n\u01b0\u1edbc v\u00e0 \u00edt kh\u00ed th\u1ea3i carbon ra m\u00f4i tr\u01b0\u1eddng h\u01a1n s\u1eefa b\u00f2.","robots":{"index":"index","follow":"follow","max-snippet":"max-snippet:-1","max-image-preview":"max-image-preview:large","max-video-preview":"max-video-preview:-1"},"canonical":"https:\/\/oatside.com\/vi\/dear-cows\/","og_locale":"vi_VN","og_type":"article","og_title":"Th\u01b0 g\u1eedi nh\u1eefng b\u1ea1n b\u00f2 th\u00e2n y\u00eau | Oatside","og_description":"C\u00f9ng OATSIDE x\u00e2y d\u1ef1ng m\u1ed9t h\u00e0nh tinh kho\u1ebb m\u1ea1nh v\u00e0 t\u1ed1t \u0111\u1eb9p h\u01a1n. Ch\u00fang t\u00f4i s\u1ea3n xu\u1ea5t s\u1eefa y\u1ebfn m\u1ea1ch th\u01a1m ngon v\u00e0 b\u1ec1n v\u1eefng, s\u1eed d\u1ee5ng \u00edt \u0111\u1ea5t, \u00edt n\u01b0\u1edbc v\u00e0 \u00edt kh\u00ed th\u1ea3i carbon ra m\u00f4i tr\u01b0\u1eddng h\u01a1n s\u1eefa b\u00f2.","og_url":"https:\/\/oatside.com\/vi\/dear-cows\/","og_site_name":"Oatside","article_modified_time":"2023-08-15T02:20:02+00:00","og_image":[{"width":551,"height":298,"url":"https:\/\/oatside.com\/wp-content\/uploads\/2021\/12\/OATSIDE_BEAR_WRITING_LETTER_550.png","type":"image\/png"}],"twitter_card":"summary_large_image","schema":{"@context":"https:\/\/schema.org","@graph":[{"@type":"WebPage","@id":"https:\/\/oatside.com\/vi\/dear-cows\/","url":"https:\/\/oatside.com\/vi\/dear-cows\/","name":"Th\u01b0 g\u1eedi nh\u1eefng b\u1ea1n b\u00f2 th\u00e2n y\u00eau | Oatside","isPartOf":{"@id":"https:\/\/oatside.com\/vi\/#website"},"primaryImageOfPage":{"@id":"https:\/\/oatside.com\/vi\/dear-cows\/#primaryimage"},"image":{"@id":"https:\/\/oatside.com\/vi\/dear-cows\/#primaryimage"},"thumbnailUrl":"https:\/\/oatside.com\/wp-content\/uploads\/2021\/12\/OATSIDE_BEAR_WRITING_LETTER_550.png","datePublished":"2021-09-15T01:12:07+00:00","dateModified":"2023-08-15T02:20:02+00:00","description":"C\u00f9ng OATSIDE x\u00e2y d\u1ef1ng m\u1ed9t h\u00e0nh tinh kho\u1ebb m\u1ea1nh v\u00e0 t\u1ed1t \u0111\u1eb9p h\u01a1n. Ch\u00fang t\u00f4i s\u1ea3n xu\u1ea5t s\u1eefa y\u1ebfn m\u1ea1ch th\u01a1m ngon v\u00e0 b\u1ec1n v\u1eefng, s\u1eed d\u1ee5ng \u00edt \u0111\u1ea5t, \u00edt n\u01b0\u1edbc v\u00e0 \u00edt kh\u00ed th\u1ea3i carbon ra m\u00f4i tr\u01b0\u1eddng h\u01a1n s\u1eefa b\u00f2.","breadcrumb":{"@id":"https:\/\/oatside.com\/vi\/dear-cows\/#breadcrumb"},"inLanguage":"vi-VN","potentialAction":[{"@type":"ReadAction","target":["https:\/\/oatside.com\/vi\/dear-cows\/"]}]},{"@type":"ImageObject","inLanguage":"vi-VN","@id":"https:\/\/oatside.com\/vi\/dear-cows\/#primaryimage","url":"https:\/\/oatside.com\/wp-content\/uploads\/2021\/12\/OATSIDE_BEAR_WRITING_LETTER_550.png","contentUrl":"https:\/\/oatside.com\/wp-content\/uploads\/2021\/12\/OATSIDE_BEAR_WRITING_LETTER_550.png","width":551,"height":298},{"@type":"BreadcrumbList","@id":"https:\/\/oatside.com\/vi\/dear-cows\/#breadcrumb","itemListElement":[{"@type":"ListItem","position":1,"name":"Home","item":"https:\/\/oatside.com\/vi\/"},{"@type":"ListItem","position":2,"name":"G\u1eedi nh\u1eefng b\u1ea1n b\u00f2 th\u00e2n y\u00eau"}]},{"@type":"WebSite","@id":"https:\/\/oatside.com\/vi\/#website","url":"https:\/\/oatside.com\/vi\/","name":"Oatside","description":"The tastiest plant - based milk you\u2019ve been waiting for: Oatside Barista, Chocolate and Hazelnut oat milks. You&#039;ll cry over these spilled milks for sure.","publisher":{"@id":"https:\/\/oatside.com\/vi\/#organization"},"potentialAction":[{"@type":"SearchAction","target":{"@type":"EntryPoint","urlTemplate":"https:\/\/oatside.com\/vi\/?s={search_term_string}"},"query-input":{"@type":"PropertyValueSpecification","valueRequired":true,"valueName":"search_term_string"}}],"inLanguage":"vi-VN"},{"@type":"Organization","@id":"https:\/\/oatside.com\/vi\/#organization","name":"Oatside","url":"https:\/\/oatside.com\/vi\/","logo":{"@type":"ImageObject","inLanguage":"vi-VN","@id":"https:\/\/oatside.com\/vi\/#\/schema\/logo\/image\/","url":"https:\/\/oatside.com\/wp-content\/uploads\/2021\/10\/logo.svg","contentUrl":"https:\/\/oatside.com\/wp-content\/uploads\/2021\/10\/logo.svg","caption":"Oatside"},"image":{"@id":"https:\/\/oatside.com\/vi\/#\/schema\/logo\/image\/"}}]}},"_links":{"self":[{"href":"https:\/\/oatside.com\/vi\/wp-json\/wp\/v2\/pages\/88979","targetHints":{"allow":["GET"]}}],"collection":[{"href":"https:\/\/oatside.com\/vi\/wp-json\/wp\/v2\/pages"}],"about":[{"href":"https:\/\/oatside.com\/vi\/wp-json\/wp\/v2\/types\/page"}],"author":[{"embeddable":true,"href":"https:\/\/oatside.com\/vi\/wp-json\/wp\/v2\/users\/2"}],"replies":[{"embeddable":true,"href":"https:\/\/oatside.com\/vi\/wp-json\/wp\/v2\/comments?post=88979"}],"version-history":[{"count":15,"href":"https:\/\/oatside.com\/vi\/wp-json\/wp\/v2\/pages\/88979\/revisions"}],"predecessor-version":[{"id":90043,"href":"https:\/\/oatside.com\/vi\/wp-json\/wp\/v2\/pages\/88979\/revisions\/90043"}],"wp:featuredmedia":[{"embeddable":true,"href":"https:\/\/oatside.com\/vi\/wp-json\/wp\/v2\/media\/88980"}],"wp:attachment":[{"href":"https:\/\/oatside.com\/vi\/wp-json\/wp\/v2\/media?parent=88979"}],"curies":[{"name":"wp","href":"https:\/\/api.w.org\/{rel}","templated":true}]}}