{"id":89480,"date":"2021-09-15T15:28:57","date_gmt":"2021-09-15T15:28:57","guid":{"rendered":"https:\/\/oatside.com\/frequently-asked-questions\/"},"modified":"2023-08-15T02:17:12","modified_gmt":"2023-08-15T02:17:12","slug":"frequently-asked-questions","status":"publish","type":"page","link":"https:\/\/oatside.com\/vi\/frequently-asked-questions\/","title":{"rendered":"FAQ"},"content":{"rendered":"","protected":false},"excerpt":{"rendered":"","protected":false},"author":2,"featured_media":0,"parent":0,"menu_order":37,"comment_status":"closed","ping_status":"closed","template":"modules.php","meta":{"_acf_changed":false,"inline_featured_image":false,"footnotes":""},"class_list":["post-89480","page","type-page","status-publish","hentry"],"acf":[],"yoast_head":"<!-- This site is optimized with the Yoast SEO plugin v25.7 - https:\/\/yoast.com\/wordpress\/plugins\/seo\/ -->\n<title>C\u00e2u h\u1ecfi th\u01b0\u1eddng g\u1eb7p | C\u00e2u tr\u1ea3 l\u1eddi cho c\u00e2u h\u1ecfi c\u1ee7a b\u1ea1n | Oatside<\/title>\n<meta name=\"description\" content=\"B\u1ea1n mu\u1ed1n bi\u1ebft v\u1ec1 l\u00fd do t\u1ea1i sao s\u1eefa y\u1ebfn m\u1ea1ch c\u1ee7a ch\u00fang t\u00f4i l\u1ea1i ngon nh\u01b0 v\u1eady? H\u00e3y xem th\u00f4ng tin v\u1ec1 s\u1eefa y\u1ebfn m\u1ea1ch c\u1ee7a ch\u00fang t\u00f4i v\u00e0 l\u00fd do t\u1ea1i sao ch\u00fang t\u00f4i coi ch\u1ea5t l\u01b0\u1ee3ng l\u00e0 ch\u00fa tr\u1ecdng h\u00e0ng \u0111\u1ea7u. Ch\u00fang t\u00f4i c\u00f3 s\u1eb5n chuy\u00ean m\u1ee5c C\u00e2u h\u1ecfi th\u01b0\u1eddng g\u1eb7p cho b\u1ea1n ngay t\u1ea1i \u0111\u00e2y.\" \/>\n<meta name=\"robots\" content=\"index, follow, max-snippet:-1, max-image-preview:large, max-video-preview:-1\" \/>\n<link rel=\"canonical\" href=\"https:\/\/oatside.com\/vi\/frequently-asked-questions\/\" \/>\n<meta property=\"og:locale\" content=\"vi_VN\" \/>\n<meta property=\"og:type\" content=\"article\" \/>\n<meta property=\"og:title\" content=\"C\u00e2u h\u1ecfi th\u01b0\u1eddng g\u1eb7p | C\u00e2u tr\u1ea3 l\u1eddi cho c\u00e2u h\u1ecfi c\u1ee7a b\u1ea1n | Oatside\" \/>\n<meta property=\"og:description\" content=\"B\u1ea1n mu\u1ed1n bi\u1ebft v\u1ec1 l\u00fd do t\u1ea1i sao s\u1eefa y\u1ebfn m\u1ea1ch c\u1ee7a ch\u00fang t\u00f4i l\u1ea1i ngon nh\u01b0 v\u1eady? H\u00e3y xem th\u00f4ng tin v\u1ec1 s\u1eefa y\u1ebfn m\u1ea1ch c\u1ee7a ch\u00fang t\u00f4i v\u00e0 l\u00fd do t\u1ea1i sao ch\u00fang t\u00f4i coi ch\u1ea5t l\u01b0\u1ee3ng l\u00e0 ch\u00fa tr\u1ecdng h\u00e0ng \u0111\u1ea7u. Ch\u00fang t\u00f4i c\u00f3 s\u1eb5n chuy\u00ean m\u1ee5c C\u00e2u h\u1ecfi th\u01b0\u1eddng g\u1eb7p cho b\u1ea1n ngay t\u1ea1i \u0111\u00e2y.\" \/>\n<meta property=\"og:url\" content=\"https:\/\/oatside.com\/vi\/frequently-asked-questions\/\" \/>\n<meta property=\"og:site_name\" content=\"Oatside\" \/>\n<meta property=\"article:modified_time\" content=\"2023-08-15T02:17:12+00:00\" \/>\n<meta name=\"twitter:card\" content=\"summary_large_image\" \/>\n<script type=\"application\/ld+json\" class=\"yoast-schema-graph\">{\"@context\":\"https:\/\/schema.org\",\"@graph\":[{\"@type\":\"WebPage\",\"@id\":\"https:\/\/oatside.com\/vi\/frequently-asked-questions\/\",\"url\":\"https:\/\/oatside.com\/vi\/frequently-asked-questions\/\",\"name\":\"C\u00e2u h\u1ecfi th\u01b0\u1eddng g\u1eb7p | C\u00e2u tr\u1ea3 l\u1eddi cho c\u00e2u h\u1ecfi c\u1ee7a b\u1ea1n | Oatside\",\"isPartOf\":{\"@id\":\"https:\/\/oatside.com\/vi\/#website\"},\"datePublished\":\"2021-09-15T15:28:57+00:00\",\"dateModified\":\"2023-08-15T02:17:12+00:00\",\"description\":\"B\u1ea1n mu\u1ed1n bi\u1ebft v\u1ec1 l\u00fd do t\u1ea1i sao s\u1eefa y\u1ebfn m\u1ea1ch c\u1ee7a ch\u00fang t\u00f4i l\u1ea1i ngon nh\u01b0 v\u1eady? H\u00e3y xem th\u00f4ng tin v\u1ec1 s\u1eefa y\u1ebfn m\u1ea1ch c\u1ee7a ch\u00fang t\u00f4i v\u00e0 l\u00fd do t\u1ea1i sao ch\u00fang t\u00f4i coi ch\u1ea5t l\u01b0\u1ee3ng l\u00e0 ch\u00fa tr\u1ecdng h\u00e0ng \u0111\u1ea7u. Ch\u00fang t\u00f4i c\u00f3 s\u1eb5n chuy\u00ean m\u1ee5c C\u00e2u h\u1ecfi th\u01b0\u1eddng g\u1eb7p cho b\u1ea1n ngay t\u1ea1i \u0111\u00e2y.\",\"breadcrumb\":{\"@id\":\"https:\/\/oatside.com\/vi\/frequently-asked-questions\/#breadcrumb\"},\"inLanguage\":\"vi-VN\",\"potentialAction\":[{\"@type\":\"ReadAction\",\"target\":[\"https:\/\/oatside.com\/vi\/frequently-asked-questions\/\"]}]},{\"@type\":\"BreadcrumbList\",\"@id\":\"https:\/\/oatside.com\/vi\/frequently-asked-questions\/#breadcrumb\",\"itemListElement\":[{\"@type\":\"ListItem\",\"position\":1,\"name\":\"Home\",\"item\":\"https:\/\/oatside.com\/vi\/\"},{\"@type\":\"ListItem\",\"position\":2,\"name\":\"FAQ\"}]},{\"@type\":\"WebSite\",\"@id\":\"https:\/\/oatside.com\/vi\/#website\",\"url\":\"https:\/\/oatside.com\/vi\/\",\"name\":\"Oatside\",\"description\":\"The tastiest plant - based milk you\u2019ve been waiting for: Oatside Barista, Chocolate and Hazelnut oat milks. You&#039;ll cry over these spilled milks for sure.\",\"publisher\":{\"@id\":\"https:\/\/oatside.com\/vi\/#organization\"},\"potentialAction\":[{\"@type\":\"SearchAction\",\"target\":{\"@type\":\"EntryPoint\",\"urlTemplate\":\"https:\/\/oatside.com\/vi\/?s={search_term_string}\"},\"query-input\":{\"@type\":\"PropertyValueSpecification\",\"valueRequired\":true,\"valueName\":\"search_term_string\"}}],\"inLanguage\":\"vi-VN\"},{\"@type\":\"Organization\",\"@id\":\"https:\/\/oatside.com\/vi\/#organization\",\"name\":\"Oatside\",\"url\":\"https:\/\/oatside.com\/vi\/\",\"logo\":{\"@type\":\"ImageObject\",\"inLanguage\":\"vi-VN\",\"@id\":\"https:\/\/oatside.com\/vi\/#\/schema\/logo\/image\/\",\"url\":\"https:\/\/oatside.com\/wp-content\/uploads\/2021\/10\/logo.svg\",\"contentUrl\":\"https:\/\/oatside.com\/wp-content\/uploads\/2021\/10\/logo.svg\",\"caption\":\"Oatside\"},\"image\":{\"@id\":\"https:\/\/oatside.com\/vi\/#\/schema\/logo\/image\/\"}}]}<\/script>\n<!-- \/ Yoast SEO plugin. -->","yoast_head_json":{"title":"C\u00e2u h\u1ecfi th\u01b0\u1eddng g\u1eb7p | C\u00e2u tr\u1ea3 l\u1eddi cho c\u00e2u h\u1ecfi c\u1ee7a b\u1ea1n | Oatside","description":"B\u1ea1n mu\u1ed1n bi\u1ebft v\u1ec1 l\u00fd do t\u1ea1i sao s\u1eefa y\u1ebfn m\u1ea1ch c\u1ee7a ch\u00fang t\u00f4i l\u1ea1i ngon nh\u01b0 v\u1eady? H\u00e3y xem th\u00f4ng tin v\u1ec1 s\u1eefa y\u1ebfn m\u1ea1ch c\u1ee7a ch\u00fang t\u00f4i v\u00e0 l\u00fd do t\u1ea1i sao ch\u00fang t\u00f4i coi ch\u1ea5t l\u01b0\u1ee3ng l\u00e0 ch\u00fa tr\u1ecdng h\u00e0ng \u0111\u1ea7u. Ch\u00fang t\u00f4i c\u00f3 s\u1eb5n chuy\u00ean m\u1ee5c C\u00e2u h\u1ecfi th\u01b0\u1eddng g\u1eb7p cho b\u1ea1n ngay t\u1ea1i \u0111\u00e2y.","robots":{"index":"index","follow":"follow","max-snippet":"max-snippet:-1","max-image-preview":"max-image-preview:large","max-video-preview":"max-video-preview:-1"},"canonical":"https:\/\/oatside.com\/vi\/frequently-asked-questions\/","og_locale":"vi_VN","og_type":"article","og_title":"C\u00e2u h\u1ecfi th\u01b0\u1eddng g\u1eb7p | C\u00e2u tr\u1ea3 l\u1eddi cho c\u00e2u h\u1ecfi c\u1ee7a b\u1ea1n | Oatside","og_description":"B\u1ea1n mu\u1ed1n bi\u1ebft v\u1ec1 l\u00fd do t\u1ea1i sao s\u1eefa y\u1ebfn m\u1ea1ch c\u1ee7a ch\u00fang t\u00f4i l\u1ea1i ngon nh\u01b0 v\u1eady? H\u00e3y xem th\u00f4ng tin v\u1ec1 s\u1eefa y\u1ebfn m\u1ea1ch c\u1ee7a ch\u00fang t\u00f4i v\u00e0 l\u00fd do t\u1ea1i sao ch\u00fang t\u00f4i coi ch\u1ea5t l\u01b0\u1ee3ng l\u00e0 ch\u00fa tr\u1ecdng h\u00e0ng \u0111\u1ea7u. Ch\u00fang t\u00f4i c\u00f3 s\u1eb5n chuy\u00ean m\u1ee5c C\u00e2u h\u1ecfi th\u01b0\u1eddng g\u1eb7p cho b\u1ea1n ngay t\u1ea1i \u0111\u00e2y.","og_url":"https:\/\/oatside.com\/vi\/frequently-asked-questions\/","og_site_name":"Oatside","article_modified_time":"2023-08-15T02:17:12+00:00","twitter_card":"summary_large_image","schema":{"@context":"https:\/\/schema.org","@graph":[{"@type":"WebPage","@id":"https:\/\/oatside.com\/vi\/frequently-asked-questions\/","url":"https:\/\/oatside.com\/vi\/frequently-asked-questions\/","name":"C\u00e2u h\u1ecfi th\u01b0\u1eddng g\u1eb7p | C\u00e2u tr\u1ea3 l\u1eddi cho c\u00e2u h\u1ecfi c\u1ee7a b\u1ea1n | Oatside","isPartOf":{"@id":"https:\/\/oatside.com\/vi\/#website"},"datePublished":"2021-09-15T15:28:57+00:00","dateModified":"2023-08-15T02:17:12+00:00","description":"B\u1ea1n mu\u1ed1n bi\u1ebft v\u1ec1 l\u00fd do t\u1ea1i sao s\u1eefa y\u1ebfn m\u1ea1ch c\u1ee7a ch\u00fang t\u00f4i l\u1ea1i ngon nh\u01b0 v\u1eady? H\u00e3y xem th\u00f4ng tin v\u1ec1 s\u1eefa y\u1ebfn m\u1ea1ch c\u1ee7a ch\u00fang t\u00f4i v\u00e0 l\u00fd do t\u1ea1i sao ch\u00fang t\u00f4i coi ch\u1ea5t l\u01b0\u1ee3ng l\u00e0 ch\u00fa tr\u1ecdng h\u00e0ng \u0111\u1ea7u. Ch\u00fang t\u00f4i c\u00f3 s\u1eb5n chuy\u00ean m\u1ee5c C\u00e2u h\u1ecfi th\u01b0\u1eddng g\u1eb7p cho b\u1ea1n ngay t\u1ea1i \u0111\u00e2y.","breadcrumb":{"@id":"https:\/\/oatside.com\/vi\/frequently-asked-questions\/#breadcrumb"},"inLanguage":"vi-VN","potentialAction":[{"@type":"ReadAction","target":["https:\/\/oatside.com\/vi\/frequently-asked-questions\/"]}]},{"@type":"BreadcrumbList","@id":"https:\/\/oatside.com\/vi\/frequently-asked-questions\/#breadcrumb","itemListElement":[{"@type":"ListItem","position":1,"name":"Home","item":"https:\/\/oatside.com\/vi\/"},{"@type":"ListItem","position":2,"name":"FAQ"}]},{"@type":"WebSite","@id":"https:\/\/oatside.com\/vi\/#website","url":"https:\/\/oatside.com\/vi\/","name":"Oatside","description":"The tastiest plant - based milk you\u2019ve been waiting for: Oatside Barista, Chocolate and Hazelnut oat milks. You&#039;ll cry over these spilled milks for sure.","publisher":{"@id":"https:\/\/oatside.com\/vi\/#organization"},"potentialAction":[{"@type":"SearchAction","target":{"@type":"EntryPoint","urlTemplate":"https:\/\/oatside.com\/vi\/?s={search_term_string}"},"query-input":{"@type":"PropertyValueSpecification","valueRequired":true,"valueName":"search_term_string"}}],"inLanguage":"vi-VN"},{"@type":"Organization","@id":"https:\/\/oatside.com\/vi\/#organization","name":"Oatside","url":"https:\/\/oatside.com\/vi\/","logo":{"@type":"ImageObject","inLanguage":"vi-VN","@id":"https:\/\/oatside.com\/vi\/#\/schema\/logo\/image\/","url":"https:\/\/oatside.com\/wp-content\/uploads\/2021\/10\/logo.svg","contentUrl":"https:\/\/oatside.com\/wp-content\/uploads\/2021\/10\/logo.svg","caption":"Oatside"},"image":{"@id":"https:\/\/oatside.com\/vi\/#\/schema\/logo\/image\/"}}]}},"_links":{"self":[{"href":"https:\/\/oatside.com\/vi\/wp-json\/wp\/v2\/pages\/89480","targetHints":{"allow":["GET"]}}],"collection":[{"href":"https:\/\/oatside.com\/vi\/wp-json\/wp\/v2\/pages"}],"about":[{"href":"https:\/\/oatside.com\/vi\/wp-json\/wp\/v2\/types\/page"}],"author":[{"embeddable":true,"href":"https:\/\/oatside.com\/vi\/wp-json\/wp\/v2\/users\/2"}],"replies":[{"embeddable":true,"href":"https:\/\/oatside.com\/vi\/wp-json\/wp\/v2\/comments?post=89480"}],"version-history":[{"count":24,"href":"https:\/\/oatside.com\/vi\/wp-json\/wp\/v2\/pages\/89480\/revisions"}],"predecessor-version":[{"id":90552,"href":"https:\/\/oatside.com\/vi\/wp-json\/wp\/v2\/pages\/89480\/revisions\/90552"}],"wp:attachment":[{"href":"https:\/\/oatside.com\/vi\/wp-json\/wp\/v2\/media?parent=89480"}],"curies":[{"name":"wp","href":"https:\/\/api.w.org\/{rel}","templated":true}]}}