{"id":89499,"date":"2021-09-14T09:51:39","date_gmt":"2021-09-14T09:51:39","guid":{"rendered":"https:\/\/oatside.com\/recipes\/"},"modified":"2023-08-15T02:17:32","modified_gmt":"2023-08-15T02:17:32","slug":"recipes","status":"publish","type":"page","link":"https:\/\/oatside.com\/vi\/recipes\/","title":{"rendered":"B\u1eadt m\u00ed c\u00f4ng th\u1ee9c b\u00ed m\u1eadt"},"content":{"rendered":"","protected":false},"excerpt":{"rendered":"","protected":false},"author":2,"featured_media":0,"parent":0,"menu_order":53,"comment_status":"closed","ping_status":"closed","template":"modules.php","meta":{"_acf_changed":false,"inline_featured_image":false,"footnotes":""},"class_list":["post-89499","page","type-page","status-publish","hentry"],"acf":[],"yoast_head":"<!-- This site is optimized with the Yoast SEO plugin v25.7 - https:\/\/yoast.com\/wordpress\/plugins\/seo\/ -->\n<title>B\u1eadt m\u00ed c\u00e1c c\u00f4ng th\u1ee9c n\u1ea5u \u0103n \u0111\u01a1n gi\u1ea3n v\u00e0 t\u1ed1t cho s\u1ee9c kh\u1ecfe v\u1edbi s\u1eefa y\u1ebfn m\u1ea1ch | Oatside<\/title>\n<meta name=\"description\" content=\"H\u00e3y s\u1eb5n s\u00e0ng cho m\u1ed9t cu\u1ed9c phi\u00eau l\u01b0u h\u01b0\u01a1ng v\u1ecb v\u1edbi c\u00e1c c\u00f4ng th\u1ee9c n\u1ea5u \u0103n c\u00f9ng Oatside! T\u1eeb b\u1eefa s\u00e1ng \u0111\u1ebfn b\u1eefa t\u1ed1i, h\u00e3y kh\u00e1m ph\u00e1 v\u00e0 t\u1ef1 s\u00e1ng t\u1ea1o kh\u00f4ng bi\u00ean gi\u1edbi theo c\u00e1ch c\u1ee7a ch\u00ednh b\u1ea1n. Mua ngay.\" \/>\n<meta name=\"robots\" content=\"index, follow, max-snippet:-1, max-image-preview:large, max-video-preview:-1\" \/>\n<link rel=\"canonical\" href=\"https:\/\/oatside.com\/vi\/recipes\/\" \/>\n<meta property=\"og:locale\" content=\"vi_VN\" \/>\n<meta property=\"og:type\" content=\"article\" \/>\n<meta property=\"og:title\" content=\"B\u1eadt m\u00ed c\u00e1c c\u00f4ng th\u1ee9c n\u1ea5u \u0103n \u0111\u01a1n gi\u1ea3n v\u00e0 t\u1ed1t cho s\u1ee9c kh\u1ecfe v\u1edbi s\u1eefa y\u1ebfn m\u1ea1ch | Oatside\" \/>\n<meta property=\"og:description\" content=\"H\u00e3y s\u1eb5n s\u00e0ng cho m\u1ed9t cu\u1ed9c phi\u00eau l\u01b0u h\u01b0\u01a1ng v\u1ecb v\u1edbi c\u00e1c c\u00f4ng th\u1ee9c n\u1ea5u \u0103n c\u00f9ng Oatside! T\u1eeb b\u1eefa s\u00e1ng \u0111\u1ebfn b\u1eefa t\u1ed1i, h\u00e3y kh\u00e1m ph\u00e1 v\u00e0 t\u1ef1 s\u00e1ng t\u1ea1o kh\u00f4ng bi\u00ean gi\u1edbi theo c\u00e1ch c\u1ee7a ch\u00ednh b\u1ea1n. Mua ngay.\" \/>\n<meta property=\"og:url\" content=\"https:\/\/oatside.com\/vi\/recipes\/\" \/>\n<meta property=\"og:site_name\" content=\"Oatside\" \/>\n<meta property=\"article:modified_time\" content=\"2023-08-15T02:17:32+00:00\" \/>\n<meta name=\"twitter:card\" content=\"summary_large_image\" \/>\n<script type=\"application\/ld+json\" class=\"yoast-schema-graph\">{\"@context\":\"https:\/\/schema.org\",\"@graph\":[{\"@type\":\"WebPage\",\"@id\":\"https:\/\/oatside.com\/vi\/recipes\/\",\"url\":\"https:\/\/oatside.com\/vi\/recipes\/\",\"name\":\"B\u1eadt m\u00ed c\u00e1c c\u00f4ng th\u1ee9c n\u1ea5u \u0103n \u0111\u01a1n gi\u1ea3n v\u00e0 t\u1ed1t cho s\u1ee9c kh\u1ecfe v\u1edbi s\u1eefa y\u1ebfn m\u1ea1ch | Oatside\",\"isPartOf\":{\"@id\":\"https:\/\/oatside.com\/vi\/#website\"},\"datePublished\":\"2021-09-14T09:51:39+00:00\",\"dateModified\":\"2023-08-15T02:17:32+00:00\",\"description\":\"H\u00e3y s\u1eb5n s\u00e0ng cho m\u1ed9t cu\u1ed9c phi\u00eau l\u01b0u h\u01b0\u01a1ng v\u1ecb v\u1edbi c\u00e1c c\u00f4ng th\u1ee9c n\u1ea5u \u0103n c\u00f9ng Oatside! T\u1eeb b\u1eefa s\u00e1ng \u0111\u1ebfn b\u1eefa t\u1ed1i, h\u00e3y kh\u00e1m ph\u00e1 v\u00e0 t\u1ef1 s\u00e1ng t\u1ea1o kh\u00f4ng bi\u00ean gi\u1edbi theo c\u00e1ch c\u1ee7a ch\u00ednh b\u1ea1n. Mua ngay.\",\"breadcrumb\":{\"@id\":\"https:\/\/oatside.com\/vi\/recipes\/#breadcrumb\"},\"inLanguage\":\"vi-VN\",\"potentialAction\":[{\"@type\":\"ReadAction\",\"target\":[\"https:\/\/oatside.com\/vi\/recipes\/\"]}]},{\"@type\":\"BreadcrumbList\",\"@id\":\"https:\/\/oatside.com\/vi\/recipes\/#breadcrumb\",\"itemListElement\":[{\"@type\":\"ListItem\",\"position\":1,\"name\":\"Home\",\"item\":\"https:\/\/oatside.com\/vi\/\"},{\"@type\":\"ListItem\",\"position\":2,\"name\":\"B\u1eadt m\u00ed c\u00f4ng th\u1ee9c b\u00ed m\u1eadt\"}]},{\"@type\":\"WebSite\",\"@id\":\"https:\/\/oatside.com\/vi\/#website\",\"url\":\"https:\/\/oatside.com\/vi\/\",\"name\":\"Oatside\",\"description\":\"The tastiest plant - based milk you\u2019ve been waiting for: Oatside Barista, Chocolate and Hazelnut oat milks. You&#039;ll cry over these spilled milks for sure.\",\"publisher\":{\"@id\":\"https:\/\/oatside.com\/vi\/#organization\"},\"potentialAction\":[{\"@type\":\"SearchAction\",\"target\":{\"@type\":\"EntryPoint\",\"urlTemplate\":\"https:\/\/oatside.com\/vi\/?s={search_term_string}\"},\"query-input\":{\"@type\":\"PropertyValueSpecification\",\"valueRequired\":true,\"valueName\":\"search_term_string\"}}],\"inLanguage\":\"vi-VN\"},{\"@type\":\"Organization\",\"@id\":\"https:\/\/oatside.com\/vi\/#organization\",\"name\":\"Oatside\",\"url\":\"https:\/\/oatside.com\/vi\/\",\"logo\":{\"@type\":\"ImageObject\",\"inLanguage\":\"vi-VN\",\"@id\":\"https:\/\/oatside.com\/vi\/#\/schema\/logo\/image\/\",\"url\":\"https:\/\/oatside.com\/wp-content\/uploads\/2021\/10\/logo.svg\",\"contentUrl\":\"https:\/\/oatside.com\/wp-content\/uploads\/2021\/10\/logo.svg\",\"caption\":\"Oatside\"},\"image\":{\"@id\":\"https:\/\/oatside.com\/vi\/#\/schema\/logo\/image\/\"}}]}<\/script>\n<!-- \/ Yoast SEO plugin. -->","yoast_head_json":{"title":"B\u1eadt m\u00ed c\u00e1c c\u00f4ng th\u1ee9c n\u1ea5u \u0103n \u0111\u01a1n gi\u1ea3n v\u00e0 t\u1ed1t cho s\u1ee9c kh\u1ecfe v\u1edbi s\u1eefa y\u1ebfn m\u1ea1ch | Oatside","description":"H\u00e3y s\u1eb5n s\u00e0ng cho m\u1ed9t cu\u1ed9c phi\u00eau l\u01b0u h\u01b0\u01a1ng v\u1ecb v\u1edbi c\u00e1c c\u00f4ng th\u1ee9c n\u1ea5u \u0103n c\u00f9ng Oatside! T\u1eeb b\u1eefa s\u00e1ng \u0111\u1ebfn b\u1eefa t\u1ed1i, h\u00e3y kh\u00e1m ph\u00e1 v\u00e0 t\u1ef1 s\u00e1ng t\u1ea1o kh\u00f4ng bi\u00ean gi\u1edbi theo c\u00e1ch c\u1ee7a ch\u00ednh b\u1ea1n. Mua ngay.","robots":{"index":"index","follow":"follow","max-snippet":"max-snippet:-1","max-image-preview":"max-image-preview:large","max-video-preview":"max-video-preview:-1"},"canonical":"https:\/\/oatside.com\/vi\/recipes\/","og_locale":"vi_VN","og_type":"article","og_title":"B\u1eadt m\u00ed c\u00e1c c\u00f4ng th\u1ee9c n\u1ea5u \u0103n \u0111\u01a1n gi\u1ea3n v\u00e0 t\u1ed1t cho s\u1ee9c kh\u1ecfe v\u1edbi s\u1eefa y\u1ebfn m\u1ea1ch | Oatside","og_description":"H\u00e3y s\u1eb5n s\u00e0ng cho m\u1ed9t cu\u1ed9c phi\u00eau l\u01b0u h\u01b0\u01a1ng v\u1ecb v\u1edbi c\u00e1c c\u00f4ng th\u1ee9c n\u1ea5u \u0103n c\u00f9ng Oatside! T\u1eeb b\u1eefa s\u00e1ng \u0111\u1ebfn b\u1eefa t\u1ed1i, h\u00e3y kh\u00e1m ph\u00e1 v\u00e0 t\u1ef1 s\u00e1ng t\u1ea1o kh\u00f4ng bi\u00ean gi\u1edbi theo c\u00e1ch c\u1ee7a ch\u00ednh b\u1ea1n. Mua ngay.","og_url":"https:\/\/oatside.com\/vi\/recipes\/","og_site_name":"Oatside","article_modified_time":"2023-08-15T02:17:32+00:00","twitter_card":"summary_large_image","schema":{"@context":"https:\/\/schema.org","@graph":[{"@type":"WebPage","@id":"https:\/\/oatside.com\/vi\/recipes\/","url":"https:\/\/oatside.com\/vi\/recipes\/","name":"B\u1eadt m\u00ed c\u00e1c c\u00f4ng th\u1ee9c n\u1ea5u \u0103n \u0111\u01a1n gi\u1ea3n v\u00e0 t\u1ed1t cho s\u1ee9c kh\u1ecfe v\u1edbi s\u1eefa y\u1ebfn m\u1ea1ch | Oatside","isPartOf":{"@id":"https:\/\/oatside.com\/vi\/#website"},"datePublished":"2021-09-14T09:51:39+00:00","dateModified":"2023-08-15T02:17:32+00:00","description":"H\u00e3y s\u1eb5n s\u00e0ng cho m\u1ed9t cu\u1ed9c phi\u00eau l\u01b0u h\u01b0\u01a1ng v\u1ecb v\u1edbi c\u00e1c c\u00f4ng th\u1ee9c n\u1ea5u \u0103n c\u00f9ng Oatside! T\u1eeb b\u1eefa s\u00e1ng \u0111\u1ebfn b\u1eefa t\u1ed1i, h\u00e3y kh\u00e1m ph\u00e1 v\u00e0 t\u1ef1 s\u00e1ng t\u1ea1o kh\u00f4ng bi\u00ean gi\u1edbi theo c\u00e1ch c\u1ee7a ch\u00ednh b\u1ea1n. Mua ngay.","breadcrumb":{"@id":"https:\/\/oatside.com\/vi\/recipes\/#breadcrumb"},"inLanguage":"vi-VN","potentialAction":[{"@type":"ReadAction","target":["https:\/\/oatside.com\/vi\/recipes\/"]}]},{"@type":"BreadcrumbList","@id":"https:\/\/oatside.com\/vi\/recipes\/#breadcrumb","itemListElement":[{"@type":"ListItem","position":1,"name":"Home","item":"https:\/\/oatside.com\/vi\/"},{"@type":"ListItem","position":2,"name":"B\u1eadt m\u00ed c\u00f4ng th\u1ee9c b\u00ed m\u1eadt"}]},{"@type":"WebSite","@id":"https:\/\/oatside.com\/vi\/#website","url":"https:\/\/oatside.com\/vi\/","name":"Oatside","description":"The tastiest plant - based milk you\u2019ve been waiting for: Oatside Barista, Chocolate and Hazelnut oat milks. You&#039;ll cry over these spilled milks for sure.","publisher":{"@id":"https:\/\/oatside.com\/vi\/#organization"},"potentialAction":[{"@type":"SearchAction","target":{"@type":"EntryPoint","urlTemplate":"https:\/\/oatside.com\/vi\/?s={search_term_string}"},"query-input":{"@type":"PropertyValueSpecification","valueRequired":true,"valueName":"search_term_string"}}],"inLanguage":"vi-VN"},{"@type":"Organization","@id":"https:\/\/oatside.com\/vi\/#organization","name":"Oatside","url":"https:\/\/oatside.com\/vi\/","logo":{"@type":"ImageObject","inLanguage":"vi-VN","@id":"https:\/\/oatside.com\/vi\/#\/schema\/logo\/image\/","url":"https:\/\/oatside.com\/wp-content\/uploads\/2021\/10\/logo.svg","contentUrl":"https:\/\/oatside.com\/wp-content\/uploads\/2021\/10\/logo.svg","caption":"Oatside"},"image":{"@id":"https:\/\/oatside.com\/vi\/#\/schema\/logo\/image\/"}}]}},"_links":{"self":[{"href":"https:\/\/oatside.com\/vi\/wp-json\/wp\/v2\/pages\/89499","targetHints":{"allow":["GET"]}}],"collection":[{"href":"https:\/\/oatside.com\/vi\/wp-json\/wp\/v2\/pages"}],"about":[{"href":"https:\/\/oatside.com\/vi\/wp-json\/wp\/v2\/types\/page"}],"author":[{"embeddable":true,"href":"https:\/\/oatside.com\/vi\/wp-json\/wp\/v2\/users\/2"}],"replies":[{"embeddable":true,"href":"https:\/\/oatside.com\/vi\/wp-json\/wp\/v2\/comments?post=89499"}],"version-history":[{"count":4,"href":"https:\/\/oatside.com\/vi\/wp-json\/wp\/v2\/pages\/89499\/revisions"}],"predecessor-version":[{"id":89910,"href":"https:\/\/oatside.com\/vi\/wp-json\/wp\/v2\/pages\/89499\/revisions\/89910"}],"wp:attachment":[{"href":"https:\/\/oatside.com\/vi\/wp-json\/wp\/v2\/media?parent=89499"}],"curies":[{"name":"wp","href":"https:\/\/api.w.org\/{rel}","templated":true}]}}