{"id":90398,"date":"2022-08-26T10:42:28","date_gmt":"2022-08-26T10:42:28","guid":{"rendered":"https:\/\/oatside.com\/ourstory\/"},"modified":"2023-08-15T02:23:06","modified_gmt":"2023-08-15T02:23:06","slug":"ourstory","status":"publish","type":"page","link":"https:\/\/oatside.com\/vi\/ourstory\/","title":{"rendered":"Our Story"},"content":{"rendered":"","protected":false},"excerpt":{"rendered":"","protected":false},"author":2,"featured_media":0,"parent":0,"menu_order":2,"comment_status":"closed","ping_status":"closed","template":"page-origin-story.php","meta":{"_acf_changed":false,"inline_featured_image":false,"footnotes":""},"class_list":["post-90398","page","type-page","status-publish","hentry"],"acf":[],"yoast_head":"<!-- This site is optimized with the Yoast SEO plugin v25.7 - https:\/\/yoast.com\/wordpress\/plugins\/seo\/ -->\n<title>C\u00e2u Chuy\u1ec7n C\u1ee7a Ch\u00fang T\u00f4i | S\u1eefa Ngon Nh\u1ea5t Th\u1ebf Gi\u1edbi | Oatside<\/title>\n<meta name=\"description\" content=\"Th\u1ef1c ra, ch\u00fang t\u00f4i \u0111\u00e3 t\u1eebng u\u1ed1ng s\u1eefa b\u00f2. Nh\u01b0ng m\u1ed9t ng\u00e0y n\u1ecd, ch\u00fang t\u00f4i ph\u00e1t hi\u1ec7n v\u00e0 b\u1eaft \u0111\u1ea7u t\u1ea1o m\u1ed9t lo\u1ea1i s\u1eefa th\u1ef1c v\u1eadt r\u1ea5t ngon b\u1eb1ng y\u1ebfn m\u1ea1ch. Kh\u00f4ng ch\u1ee9a Lactose. Ho\u00e0n to\u00e0n thu\u1ea7n chay. T\u00ecm OATSIDE online ngay.\" \/>\n<meta name=\"robots\" content=\"index, follow, max-snippet:-1, max-image-preview:large, max-video-preview:-1\" \/>\n<link rel=\"canonical\" href=\"https:\/\/oatside.com\/vi\/ourstory\/\" \/>\n<meta property=\"og:locale\" content=\"vi_VN\" \/>\n<meta property=\"og:type\" content=\"article\" \/>\n<meta property=\"og:title\" content=\"C\u00e2u Chuy\u1ec7n C\u1ee7a Ch\u00fang T\u00f4i | S\u1eefa Ngon Nh\u1ea5t Th\u1ebf Gi\u1edbi | Oatside\" \/>\n<meta property=\"og:description\" content=\"Th\u1ef1c ra, ch\u00fang t\u00f4i \u0111\u00e3 t\u1eebng u\u1ed1ng s\u1eefa b\u00f2. Nh\u01b0ng m\u1ed9t ng\u00e0y n\u1ecd, ch\u00fang t\u00f4i ph\u00e1t hi\u1ec7n v\u00e0 b\u1eaft \u0111\u1ea7u t\u1ea1o m\u1ed9t lo\u1ea1i s\u1eefa th\u1ef1c v\u1eadt r\u1ea5t ngon b\u1eb1ng y\u1ebfn m\u1ea1ch. Kh\u00f4ng ch\u1ee9a Lactose. Ho\u00e0n to\u00e0n thu\u1ea7n chay. T\u00ecm OATSIDE online ngay.\" \/>\n<meta property=\"og:url\" content=\"https:\/\/oatside.com\/vi\/ourstory\/\" \/>\n<meta property=\"og:site_name\" content=\"Oatside\" \/>\n<meta property=\"article:modified_time\" content=\"2023-08-15T02:23:06+00:00\" \/>\n<meta name=\"twitter:card\" content=\"summary_large_image\" \/>\n<script type=\"application\/ld+json\" class=\"yoast-schema-graph\">{\"@context\":\"https:\/\/schema.org\",\"@graph\":[{\"@type\":\"WebPage\",\"@id\":\"https:\/\/oatside.com\/vi\/ourstory\/\",\"url\":\"https:\/\/oatside.com\/vi\/ourstory\/\",\"name\":\"C\u00e2u Chuy\u1ec7n C\u1ee7a Ch\u00fang T\u00f4i | S\u1eefa Ngon Nh\u1ea5t Th\u1ebf Gi\u1edbi | Oatside\",\"isPartOf\":{\"@id\":\"https:\/\/oatside.com\/vi\/#website\"},\"datePublished\":\"2022-08-26T10:42:28+00:00\",\"dateModified\":\"2023-08-15T02:23:06+00:00\",\"description\":\"Th\u1ef1c ra, ch\u00fang t\u00f4i \u0111\u00e3 t\u1eebng u\u1ed1ng s\u1eefa b\u00f2. Nh\u01b0ng m\u1ed9t ng\u00e0y n\u1ecd, ch\u00fang t\u00f4i ph\u00e1t hi\u1ec7n v\u00e0 b\u1eaft \u0111\u1ea7u t\u1ea1o m\u1ed9t lo\u1ea1i s\u1eefa th\u1ef1c v\u1eadt r\u1ea5t ngon b\u1eb1ng y\u1ebfn m\u1ea1ch. Kh\u00f4ng ch\u1ee9a Lactose. Ho\u00e0n to\u00e0n thu\u1ea7n chay. T\u00ecm OATSIDE online ngay.\",\"breadcrumb\":{\"@id\":\"https:\/\/oatside.com\/vi\/ourstory\/#breadcrumb\"},\"inLanguage\":\"vi-VN\",\"potentialAction\":[{\"@type\":\"ReadAction\",\"target\":[\"https:\/\/oatside.com\/vi\/ourstory\/\"]}]},{\"@type\":\"BreadcrumbList\",\"@id\":\"https:\/\/oatside.com\/vi\/ourstory\/#breadcrumb\",\"itemListElement\":[{\"@type\":\"ListItem\",\"position\":1,\"name\":\"Home\",\"item\":\"https:\/\/oatside.com\/vi\/\"},{\"@type\":\"ListItem\",\"position\":2,\"name\":\"Our Story\"}]},{\"@type\":\"WebSite\",\"@id\":\"https:\/\/oatside.com\/vi\/#website\",\"url\":\"https:\/\/oatside.com\/vi\/\",\"name\":\"Oatside\",\"description\":\"The tastiest plant - based milk you\u2019ve been waiting for: Oatside Barista, Chocolate and Hazelnut oat milks. You&#039;ll cry over these spilled milks for sure.\",\"publisher\":{\"@id\":\"https:\/\/oatside.com\/vi\/#organization\"},\"potentialAction\":[{\"@type\":\"SearchAction\",\"target\":{\"@type\":\"EntryPoint\",\"urlTemplate\":\"https:\/\/oatside.com\/vi\/?s={search_term_string}\"},\"query-input\":{\"@type\":\"PropertyValueSpecification\",\"valueRequired\":true,\"valueName\":\"search_term_string\"}}],\"inLanguage\":\"vi-VN\"},{\"@type\":\"Organization\",\"@id\":\"https:\/\/oatside.com\/vi\/#organization\",\"name\":\"Oatside\",\"url\":\"https:\/\/oatside.com\/vi\/\",\"logo\":{\"@type\":\"ImageObject\",\"inLanguage\":\"vi-VN\",\"@id\":\"https:\/\/oatside.com\/vi\/#\/schema\/logo\/image\/\",\"url\":\"https:\/\/oatside.com\/wp-content\/uploads\/2021\/10\/logo.svg\",\"contentUrl\":\"https:\/\/oatside.com\/wp-content\/uploads\/2021\/10\/logo.svg\",\"caption\":\"Oatside\"},\"image\":{\"@id\":\"https:\/\/oatside.com\/vi\/#\/schema\/logo\/image\/\"}}]}<\/script>\n<!-- \/ Yoast SEO plugin. -->","yoast_head_json":{"title":"C\u00e2u Chuy\u1ec7n C\u1ee7a Ch\u00fang T\u00f4i | S\u1eefa Ngon Nh\u1ea5t Th\u1ebf Gi\u1edbi | Oatside","description":"Th\u1ef1c ra, ch\u00fang t\u00f4i \u0111\u00e3 t\u1eebng u\u1ed1ng s\u1eefa b\u00f2. Nh\u01b0ng m\u1ed9t ng\u00e0y n\u1ecd, ch\u00fang t\u00f4i ph\u00e1t hi\u1ec7n v\u00e0 b\u1eaft \u0111\u1ea7u t\u1ea1o m\u1ed9t lo\u1ea1i s\u1eefa th\u1ef1c v\u1eadt r\u1ea5t ngon b\u1eb1ng y\u1ebfn m\u1ea1ch. Kh\u00f4ng ch\u1ee9a Lactose. Ho\u00e0n to\u00e0n thu\u1ea7n chay. T\u00ecm OATSIDE online ngay.","robots":{"index":"index","follow":"follow","max-snippet":"max-snippet:-1","max-image-preview":"max-image-preview:large","max-video-preview":"max-video-preview:-1"},"canonical":"https:\/\/oatside.com\/vi\/ourstory\/","og_locale":"vi_VN","og_type":"article","og_title":"C\u00e2u Chuy\u1ec7n C\u1ee7a Ch\u00fang T\u00f4i | S\u1eefa Ngon Nh\u1ea5t Th\u1ebf Gi\u1edbi | Oatside","og_description":"Th\u1ef1c ra, ch\u00fang t\u00f4i \u0111\u00e3 t\u1eebng u\u1ed1ng s\u1eefa b\u00f2. Nh\u01b0ng m\u1ed9t ng\u00e0y n\u1ecd, ch\u00fang t\u00f4i ph\u00e1t hi\u1ec7n v\u00e0 b\u1eaft \u0111\u1ea7u t\u1ea1o m\u1ed9t lo\u1ea1i s\u1eefa th\u1ef1c v\u1eadt r\u1ea5t ngon b\u1eb1ng y\u1ebfn m\u1ea1ch. Kh\u00f4ng ch\u1ee9a Lactose. Ho\u00e0n to\u00e0n thu\u1ea7n chay. T\u00ecm OATSIDE online ngay.","og_url":"https:\/\/oatside.com\/vi\/ourstory\/","og_site_name":"Oatside","article_modified_time":"2023-08-15T02:23:06+00:00","twitter_card":"summary_large_image","schema":{"@context":"https:\/\/schema.org","@graph":[{"@type":"WebPage","@id":"https:\/\/oatside.com\/vi\/ourstory\/","url":"https:\/\/oatside.com\/vi\/ourstory\/","name":"C\u00e2u Chuy\u1ec7n C\u1ee7a Ch\u00fang T\u00f4i | S\u1eefa Ngon Nh\u1ea5t Th\u1ebf Gi\u1edbi | Oatside","isPartOf":{"@id":"https:\/\/oatside.com\/vi\/#website"},"datePublished":"2022-08-26T10:42:28+00:00","dateModified":"2023-08-15T02:23:06+00:00","description":"Th\u1ef1c ra, ch\u00fang t\u00f4i \u0111\u00e3 t\u1eebng u\u1ed1ng s\u1eefa b\u00f2. Nh\u01b0ng m\u1ed9t ng\u00e0y n\u1ecd, ch\u00fang t\u00f4i ph\u00e1t hi\u1ec7n v\u00e0 b\u1eaft \u0111\u1ea7u t\u1ea1o m\u1ed9t lo\u1ea1i s\u1eefa th\u1ef1c v\u1eadt r\u1ea5t ngon b\u1eb1ng y\u1ebfn m\u1ea1ch. Kh\u00f4ng ch\u1ee9a Lactose. Ho\u00e0n to\u00e0n thu\u1ea7n chay. T\u00ecm OATSIDE online ngay.","breadcrumb":{"@id":"https:\/\/oatside.com\/vi\/ourstory\/#breadcrumb"},"inLanguage":"vi-VN","potentialAction":[{"@type":"ReadAction","target":["https:\/\/oatside.com\/vi\/ourstory\/"]}]},{"@type":"BreadcrumbList","@id":"https:\/\/oatside.com\/vi\/ourstory\/#breadcrumb","itemListElement":[{"@type":"ListItem","position":1,"name":"Home","item":"https:\/\/oatside.com\/vi\/"},{"@type":"ListItem","position":2,"name":"Our Story"}]},{"@type":"WebSite","@id":"https:\/\/oatside.com\/vi\/#website","url":"https:\/\/oatside.com\/vi\/","name":"Oatside","description":"The tastiest plant - based milk you\u2019ve been waiting for: Oatside Barista, Chocolate and Hazelnut oat milks. You&#039;ll cry over these spilled milks for sure.","publisher":{"@id":"https:\/\/oatside.com\/vi\/#organization"},"potentialAction":[{"@type":"SearchAction","target":{"@type":"EntryPoint","urlTemplate":"https:\/\/oatside.com\/vi\/?s={search_term_string}"},"query-input":{"@type":"PropertyValueSpecification","valueRequired":true,"valueName":"search_term_string"}}],"inLanguage":"vi-VN"},{"@type":"Organization","@id":"https:\/\/oatside.com\/vi\/#organization","name":"Oatside","url":"https:\/\/oatside.com\/vi\/","logo":{"@type":"ImageObject","inLanguage":"vi-VN","@id":"https:\/\/oatside.com\/vi\/#\/schema\/logo\/image\/","url":"https:\/\/oatside.com\/wp-content\/uploads\/2021\/10\/logo.svg","contentUrl":"https:\/\/oatside.com\/wp-content\/uploads\/2021\/10\/logo.svg","caption":"Oatside"},"image":{"@id":"https:\/\/oatside.com\/vi\/#\/schema\/logo\/image\/"}}]}},"_links":{"self":[{"href":"https:\/\/oatside.com\/vi\/wp-json\/wp\/v2\/pages\/90398","targetHints":{"allow":["GET"]}}],"collection":[{"href":"https:\/\/oatside.com\/vi\/wp-json\/wp\/v2\/pages"}],"about":[{"href":"https:\/\/oatside.com\/vi\/wp-json\/wp\/v2\/types\/page"}],"author":[{"embeddable":true,"href":"https:\/\/oatside.com\/vi\/wp-json\/wp\/v2\/users\/2"}],"replies":[{"embeddable":true,"href":"https:\/\/oatside.com\/vi\/wp-json\/wp\/v2\/comments?post=90398"}],"version-history":[{"count":1,"href":"https:\/\/oatside.com\/vi\/wp-json\/wp\/v2\/pages\/90398\/revisions"}],"predecessor-version":[{"id":90578,"href":"https:\/\/oatside.com\/vi\/wp-json\/wp\/v2\/pages\/90398\/revisions\/90578"}],"wp:attachment":[{"href":"https:\/\/oatside.com\/vi\/wp-json\/wp\/v2\/media?parent=90398"}],"curies":[{"name":"wp","href":"https:\/\/api.w.org\/{rel}","templated":true}]}}